{"id":827,"date":"2022-12-15T11:58:20","date_gmt":"2022-12-15T11:58:20","guid":{"rendered":"https:\/\/elmiradordetato.com\/carta-2\/"},"modified":"2023-03-23T14:28:29","modified_gmt":"2023-03-23T14:28:29","slug":"cave","status":"publish","type":"page","link":"https:\/\/elmiradordetato.com\/fr\/cave\/","title":{"rendered":"Cave"},"content":{"rendered":"\t\t<div data-elementor-type=\"wp-page\" data-elementor-id=\"827\" class=\"elementor elementor-827\" data-elementor-post-type=\"page\">\n\t\t\t\t<div class=\"elementor-element elementor-element-9cade0f e-flex e-con-boxed e-con e-parent\" data-id=\"9cade0f\" data-element_type=\"container\" data-e-type=\"container\" data-settings=\"{&quot;background_background&quot;:&quot;classic&quot;}\">\n\t\t\t\t\t<div class=\"e-con-inner\">\n\t\t<div class=\"elementor-element elementor-element-9a2603e e-con-full e-flex e-con e-parent\" data-id=\"9a2603e\" data-element_type=\"container\" data-e-type=\"container\">\n\t\t\t\t<div class=\"elementor-element elementor-element-cf372e2 animated-slow elementor-invisible elementor-widget elementor-widget-heading\" data-id=\"cf372e2\" data-element_type=\"widget\" data-e-type=\"widget\" data-settings=\"{&quot;_animation&quot;:&quot;fadeIn&quot;}\" data-widget_type=\"heading.default\">\n\t\t\t\t<div class=\"elementor-widget-container\">\n\t\t\t\t\t<h1 class=\"elementor-heading-title elementor-size-default\">Cave<\/h1>\t\t\t\t<\/div>\n\t\t\t\t<\/div>\n\t\t\t\t<\/div>\n\t\t\t\t\t<\/div>\n\t\t\t\t<\/div>\n\t\t<div class=\"elementor-element elementor-element-738e5ee e-flex e-con-boxed e-con e-parent\" data-id=\"738e5ee\" data-element_type=\"container\" data-e-type=\"container\">\n\t\t\t\t\t<div class=\"e-con-inner\">\n\t\t\t\t<div class=\"elementor-element elementor-element-416de8e elementor-widget elementor-widget-heading\" data-id=\"416de8e\" data-element_type=\"widget\" data-e-type=\"widget\" data-widget_type=\"heading.default\">\n\t\t\t\t<div class=\"elementor-widget-container\">\n\t\t\t\t\t<h2 class=\"elementor-heading-title elementor-size-default\">Cave de El Mirador de Tato<\/h2>\t\t\t\t<\/div>\n\t\t\t\t<\/div>\n\t\t\t\t<div class=\"elementor-element elementor-element-71ebd44 elementor-widget elementor-widget-heading\" data-id=\"71ebd44\" data-element_type=\"widget\" data-e-type=\"widget\" data-widget_type=\"heading.default\">\n\t\t\t\t<div class=\"elementor-widget-container\">\n\t\t\t\t\t<h3 class=\"elementor-heading-title elementor-size-default\">Carte des vins <b>vins<\/b><\/h3>\t\t\t\t<\/div>\n\t\t\t\t<\/div>\n\t\t\t\t<div class=\"elementor-element elementor-element-544d08b elementor-widget elementor-widget-text-editor\" data-id=\"544d08b\" data-element_type=\"widget\" data-e-type=\"widget\" data-widget_type=\"text-editor.default\">\n\t\t\t\t<div class=\"elementor-widget-container\">\n\t\t\t\t\t\t\t\t\t<p style=\"text-align: justify;\">La s\u00e9lection de vins r\u00e9ussie est un autre des points forts avec une carte cr\u00e9ative qui propose des vins de diff\u00e9rentes appellations d&#8217;origine, s&#8217;\u00e9loignant des vins commerciaux et explorant des r\u00e9f\u00e9rences tr\u00e8s int\u00e9ressantes qui permettent aux clients de faire des belles d\u00e9couvertes.<br \/>L&#8217;accompagnement parfait pour d\u00e9guster les plats qui composent notre <a href=\"https:\/\/elmiradordetato.com\/fr\/restaurant-a-granada\/\">carte.<\/a><\/p>\t\t\t\t\t\t\t\t<\/div>\n\t\t\t\t<\/div>\n\t\t\t\t\t<\/div>\n\t\t\t\t<\/div>\n\t\t<div class=\"elementor-element elementor-element-dd2b56f e-flex e-con-boxed e-con e-parent\" data-id=\"dd2b56f\" data-element_type=\"container\" data-e-type=\"container\" id=\"vinos\" data-settings=\"{&quot;background_background&quot;:&quot;classic&quot;}\">\n\t\t\t\t\t<div class=\"e-con-inner\">\n\t\t\t\t<div class=\"elementor-element elementor-element-653e951 elementor-widget elementor-widget-text-editor\" data-id=\"653e951\" data-element_type=\"widget\" data-e-type=\"widget\" data-widget_type=\"text-editor.default\">\n\t\t\t\t<div class=\"elementor-widget-container\">\n\t\t\t\t\t\t\t\t\t<p>Appellations d&#8217;origine de : Rioja, Ribera, Rueda, Arag\u00f3n, <span style=\"color: #ffffff;\"><a style=\"color: #ffffff;\" href=\"https:\/\/www.dopvinosdegranada.es\" target=\"_blank\" rel=\"noopener\">Granada<\/a><\/span>, Jumilla, C\u00e1diz, Bierzo, Ribera Sacra, R\u00edas Baixas, Navarra, Somontano, Toro, Bierzo, Ronda et Calatayud.<\/p>\t\t\t\t\t\t\t\t<\/div>\n\t\t\t\t<\/div>\n\t\t\t\t\t<\/div>\n\t\t\t\t<\/div>\n\t\t<div class=\"elementor-element elementor-element-e698d4c e-flex e-con-boxed e-con e-parent\" data-id=\"e698d4c\" data-element_type=\"container\" data-e-type=\"container\">\n\t\t\t\t\t<div class=\"e-con-inner\">\n\t\t\t\t<div class=\"elementor-element elementor-element-544c18d elementor-widget__width-initial elementor-widget elementor-widget-html\" data-id=\"544c18d\" data-element_type=\"widget\" data-e-type=\"widget\" data-widget_type=\"html.default\">\n\t\t\t\t<div class=\"elementor-widget-container\">\n\t\t\t\t\t<iframe src=\"https:\/\/smartmenu.agorapos.com\/?id=64tsl0ng#\/category\/33\" width=\"600\" height=\"500\" style=\"border:0;\" allowfullscreen=\"\" loading=\"lazy\" referrerpolicy=\"no-referrer-when-downgrade\"><\/iframe>\t\t\t\t<\/div>\n\t\t\t\t<\/div>\n\t\t\t\t\t<\/div>\n\t\t\t\t<\/div>\n\t\t<div class=\"elementor-element elementor-element-a0a5637 e-flex e-con-boxed e-con e-parent\" data-id=\"a0a5637\" data-element_type=\"container\" data-e-type=\"container\" id=\"licores\" data-settings=\"{&quot;background_background&quot;:&quot;classic&quot;}\">\n\t\t\t\t\t<div class=\"e-con-inner\">\n\t\t\t\t<div class=\"elementor-element elementor-element-86ec5e2 elementor-widget elementor-widget-heading\" data-id=\"86ec5e2\" data-element_type=\"widget\" data-e-type=\"widget\" data-widget_type=\"heading.default\">\n\t\t\t\t<div class=\"elementor-widget-container\">\n\t\t\t\t\t<h3 class=\"elementor-heading-title elementor-size-default\">Spiritueux et cocktails<\/h3>\t\t\t\t<\/div>\n\t\t\t\t<\/div>\n\t\t\t\t\t<\/div>\n\t\t\t\t<\/div>\n\t\t<div class=\"elementor-element elementor-element-8e52471 e-flex e-con-boxed e-con e-parent\" data-id=\"8e52471\" data-element_type=\"container\" data-e-type=\"container\">\n\t\t\t\t\t<div class=\"e-con-inner\">\n\t\t\t\t<div class=\"elementor-element elementor-element-fcf6a55 elementor-widget__width-initial elementor-widget elementor-widget-html\" data-id=\"fcf6a55\" data-element_type=\"widget\" data-e-type=\"widget\" data-widget_type=\"html.default\">\n\t\t\t\t<div class=\"elementor-widget-container\">\n\t\t\t\t\t<iframe src=\"https:\/\/smartmenu.agorapos.com\/?id=64tsl0ng#\/category\/27\" width=\"600\" height=\"700\" style=\"border:0;\" allowfullscreen=\"\" loading=\"lazy\" referrerpolicy=\"no-referrer-when-downgrade\"><\/iframe>\t\t\t\t<\/div>\n\t\t\t\t<\/div>\n\t\t\t\t\t<\/div>\n\t\t\t\t<\/div>\n\t\t\t\t<\/div>\n\t\t","protected":false},"excerpt":{"rendered":"<p>Cave Cave de El Mirador de Tato Carte des vins vins La s\u00e9lection de vins r\u00e9ussie est un autre des points forts avec une carte cr\u00e9ative qui propose des vins de diff\u00e9rentes appellations d&#8217;origine, s&#8217;\u00e9loignant des vins commerciaux et explorant des r\u00e9f\u00e9rences tr\u00e8s int\u00e9ressantes qui permettent aux clients de faire des belles d\u00e9couvertes.L&#8217;accompagnement parfait pour [&hellip;]<\/p>\n","protected":false},"author":1,"featured_media":0,"parent":0,"menu_order":0,"comment_status":"closed","ping_status":"closed","template":"elementor_header_footer","meta":{"footnotes":""},"class_list":["post-827","page","type-page","status-publish","hentry"],"yoast_head":"<!-- This site is optimized with the Yoast SEO plugin v27.3 - https:\/\/yoast.com\/product\/yoast-seo-wordpress\/ -->\n<title>Cave - Restaurant-Terrasse dans le bas Albaic\u00edn<\/title>\n<meta name=\"description\" content=\"La cave Mirador de Tato propose une s\u00e9lection de vins de diff\u00e9rentes appellations d&#039;origine, s&#039;\u00e9loignant des vins commerciaux.\" \/>\n<meta name=\"robots\" content=\"index, follow, max-snippet:-1, max-image-preview:large, max-video-preview:-1\" \/>\n<link rel=\"canonical\" href=\"https:\/\/elmiradordetato.com\/fr\/cave\/\" \/>\n<meta property=\"og:locale\" content=\"es_ES\" \/>\n<meta property=\"og:type\" content=\"article\" \/>\n<meta property=\"og:title\" content=\"Cave - Restaurant-Terrasse dans le bas Albaic\u00edn\" \/>\n<meta property=\"og:description\" content=\"La cave Mirador de Tato propose une s\u00e9lection de vins de diff\u00e9rentes appellations d&#039;origine, s&#039;\u00e9loignant des vins commerciaux.\" \/>\n<meta property=\"og:url\" content=\"https:\/\/elmiradordetato.com\/fr\/cave\/\" \/>\n<meta property=\"og:site_name\" content=\"Restaurant-Terrasse dans le bas Albaic\u00edn\" \/>\n<meta property=\"article:modified_time\" content=\"2023-03-23T14:28:29+00:00\" \/>\n<meta name=\"twitter:card\" content=\"summary_large_image\" \/>\n<meta name=\"twitter:label1\" content=\"Tiempo de lectura\" \/>\n\t<meta name=\"twitter:data1\" content=\"1 minuto\" \/>\n<script type=\"application\/ld+json\" class=\"yoast-schema-graph\">{\"@context\":\"https:\\\/\\\/schema.org\",\"@graph\":[{\"@type\":\"WebPage\",\"@id\":\"https:\\\/\\\/elmiradordetato.com\\\/fr\\\/cave\\\/\",\"url\":\"https:\\\/\\\/elmiradordetato.com\\\/fr\\\/cave\\\/\",\"name\":\"Cave - Restaurant-Terrasse dans le bas Albaic\u00edn\",\"isPartOf\":{\"@id\":\"https:\\\/\\\/elmiradordetato.com\\\/fr\\\/#website\"},\"datePublished\":\"2022-12-15T11:58:20+00:00\",\"dateModified\":\"2023-03-23T14:28:29+00:00\",\"description\":\"La cave Mirador de Tato propose une s\u00e9lection de vins de diff\u00e9rentes appellations d'origine, s'\u00e9loignant des vins commerciaux.\",\"breadcrumb\":{\"@id\":\"https:\\\/\\\/elmiradordetato.com\\\/fr\\\/cave\\\/#breadcrumb\"},\"inLanguage\":\"es\",\"potentialAction\":[{\"@type\":\"ReadAction\",\"target\":[\"https:\\\/\\\/elmiradordetato.com\\\/fr\\\/cave\\\/\"]}]},{\"@type\":\"BreadcrumbList\",\"@id\":\"https:\\\/\\\/elmiradordetato.com\\\/fr\\\/cave\\\/#breadcrumb\",\"itemListElement\":[{\"@type\":\"ListItem\",\"position\":1,\"name\":\"Portada\",\"item\":\"https:\\\/\\\/elmiradordetato.com\\\/fr\\\/\"},{\"@type\":\"ListItem\",\"position\":2,\"name\":\"Cave\"}]},{\"@type\":\"WebSite\",\"@id\":\"https:\\\/\\\/elmiradordetato.com\\\/fr\\\/#website\",\"url\":\"https:\\\/\\\/elmiradordetato.com\\\/fr\\\/\",\"name\":\"Restaurant-Terrasse dans le bas Albaic\u00edn\",\"description\":\"El Mirador de Tato\",\"publisher\":{\"@id\":\"https:\\\/\\\/elmiradordetato.com\\\/fr\\\/#organization\"},\"potentialAction\":[{\"@type\":\"SearchAction\",\"target\":{\"@type\":\"EntryPoint\",\"urlTemplate\":\"https:\\\/\\\/elmiradordetato.com\\\/fr\\\/?s={search_term_string}\"},\"query-input\":{\"@type\":\"PropertyValueSpecification\",\"valueRequired\":true,\"valueName\":\"search_term_string\"}}],\"inLanguage\":\"es\"},{\"@type\":\"Organization\",\"@id\":\"https:\\\/\\\/elmiradordetato.com\\\/fr\\\/#organization\",\"name\":\"Restaurant-Terrasse dans le bas Albaic\u00edn\",\"url\":\"https:\\\/\\\/elmiradordetato.com\\\/fr\\\/\",\"logo\":{\"@type\":\"ImageObject\",\"inLanguage\":\"es\",\"@id\":\"https:\\\/\\\/elmiradordetato.com\\\/fr\\\/#\\\/schema\\\/logo\\\/image\\\/\",\"url\":\"https:\\\/\\\/elmiradordetato.com\\\/fr\\\/wp-content\\\/uploads\\\/sites\\\/3\\\/Logo-el-Mirador-de-Tato.webp\",\"contentUrl\":\"https:\\\/\\\/elmiradordetato.com\\\/fr\\\/wp-content\\\/uploads\\\/sites\\\/3\\\/Logo-el-Mirador-de-Tato.webp\",\"width\":350,\"height\":99,\"caption\":\"Restaurant-Terrasse dans le bas Albaic\u00edn\"},\"image\":{\"@id\":\"https:\\\/\\\/elmiradordetato.com\\\/fr\\\/#\\\/schema\\\/logo\\\/image\\\/\"}}]}<\/script>\n<!-- \/ Yoast SEO plugin. -->","yoast_head_json":{"title":"Cave - Restaurant-Terrasse dans le bas Albaic\u00edn","description":"La cave Mirador de Tato propose une s\u00e9lection de vins de diff\u00e9rentes appellations d'origine, s'\u00e9loignant des vins commerciaux.","robots":{"index":"index","follow":"follow","max-snippet":"max-snippet:-1","max-image-preview":"max-image-preview:large","max-video-preview":"max-video-preview:-1"},"canonical":"https:\/\/elmiradordetato.com\/fr\/cave\/","og_locale":"es_ES","og_type":"article","og_title":"Cave - Restaurant-Terrasse dans le bas Albaic\u00edn","og_description":"La cave Mirador de Tato propose une s\u00e9lection de vins de diff\u00e9rentes appellations d'origine, s'\u00e9loignant des vins commerciaux.","og_url":"https:\/\/elmiradordetato.com\/fr\/cave\/","og_site_name":"Restaurant-Terrasse dans le bas Albaic\u00edn","article_modified_time":"2023-03-23T14:28:29+00:00","twitter_card":"summary_large_image","twitter_misc":{"Tiempo de lectura":"1 minuto"},"schema":{"@context":"https:\/\/schema.org","@graph":[{"@type":"WebPage","@id":"https:\/\/elmiradordetato.com\/fr\/cave\/","url":"https:\/\/elmiradordetato.com\/fr\/cave\/","name":"Cave - Restaurant-Terrasse dans le bas Albaic\u00edn","isPartOf":{"@id":"https:\/\/elmiradordetato.com\/fr\/#website"},"datePublished":"2022-12-15T11:58:20+00:00","dateModified":"2023-03-23T14:28:29+00:00","description":"La cave Mirador de Tato propose une s\u00e9lection de vins de diff\u00e9rentes appellations d'origine, s'\u00e9loignant des vins commerciaux.","breadcrumb":{"@id":"https:\/\/elmiradordetato.com\/fr\/cave\/#breadcrumb"},"inLanguage":"es","potentialAction":[{"@type":"ReadAction","target":["https:\/\/elmiradordetato.com\/fr\/cave\/"]}]},{"@type":"BreadcrumbList","@id":"https:\/\/elmiradordetato.com\/fr\/cave\/#breadcrumb","itemListElement":[{"@type":"ListItem","position":1,"name":"Portada","item":"https:\/\/elmiradordetato.com\/fr\/"},{"@type":"ListItem","position":2,"name":"Cave"}]},{"@type":"WebSite","@id":"https:\/\/elmiradordetato.com\/fr\/#website","url":"https:\/\/elmiradordetato.com\/fr\/","name":"Restaurant-Terrasse dans le bas Albaic\u00edn","description":"El Mirador de Tato","publisher":{"@id":"https:\/\/elmiradordetato.com\/fr\/#organization"},"potentialAction":[{"@type":"SearchAction","target":{"@type":"EntryPoint","urlTemplate":"https:\/\/elmiradordetato.com\/fr\/?s={search_term_string}"},"query-input":{"@type":"PropertyValueSpecification","valueRequired":true,"valueName":"search_term_string"}}],"inLanguage":"es"},{"@type":"Organization","@id":"https:\/\/elmiradordetato.com\/fr\/#organization","name":"Restaurant-Terrasse dans le bas Albaic\u00edn","url":"https:\/\/elmiradordetato.com\/fr\/","logo":{"@type":"ImageObject","inLanguage":"es","@id":"https:\/\/elmiradordetato.com\/fr\/#\/schema\/logo\/image\/","url":"https:\/\/elmiradordetato.com\/fr\/wp-content\/uploads\/sites\/3\/Logo-el-Mirador-de-Tato.webp","contentUrl":"https:\/\/elmiradordetato.com\/fr\/wp-content\/uploads\/sites\/3\/Logo-el-Mirador-de-Tato.webp","width":350,"height":99,"caption":"Restaurant-Terrasse dans le bas Albaic\u00edn"},"image":{"@id":"https:\/\/elmiradordetato.com\/fr\/#\/schema\/logo\/image\/"}}]}},"_links":{"self":[{"href":"https:\/\/elmiradordetato.com\/fr\/wp-json\/wp\/v2\/pages\/827","targetHints":{"allow":["GET"]}}],"collection":[{"href":"https:\/\/elmiradordetato.com\/fr\/wp-json\/wp\/v2\/pages"}],"about":[{"href":"https:\/\/elmiradordetato.com\/fr\/wp-json\/wp\/v2\/types\/page"}],"author":[{"embeddable":true,"href":"https:\/\/elmiradordetato.com\/fr\/wp-json\/wp\/v2\/users\/1"}],"replies":[{"embeddable":true,"href":"https:\/\/elmiradordetato.com\/fr\/wp-json\/wp\/v2\/comments?post=827"}],"version-history":[{"count":171,"href":"https:\/\/elmiradordetato.com\/fr\/wp-json\/wp\/v2\/pages\/827\/revisions"}],"predecessor-version":[{"id":2141,"href":"https:\/\/elmiradordetato.com\/fr\/wp-json\/wp\/v2\/pages\/827\/revisions\/2141"}],"wp:attachment":[{"href":"https:\/\/elmiradordetato.com\/fr\/wp-json\/wp\/v2\/media?parent=827"}],"curies":[{"name":"wp","href":"https:\/\/api.w.org\/{rel}","templated":true}]}}