{"id":484,"date":"2022-12-15T14:48:44","date_gmt":"2022-12-15T14:48:44","guid":{"rendered":"https:\/\/elmiradordetato.com\/?page_id=484"},"modified":"2025-10-27T15:01:54","modified_gmt":"2025-10-27T15:01:54","slug":"reservations-au-mirador-de-tato","status":"publish","type":"page","link":"https:\/\/elmiradordetato.com\/fr\/reservations-au-mirador-de-tato\/","title":{"rendered":"R\u00e9servations au Mirador de Tato"},"content":{"rendered":"\t\t<div data-elementor-type=\"wp-page\" data-elementor-id=\"484\" class=\"elementor elementor-484\" data-elementor-post-type=\"page\">\n\t\t\t\t<div class=\"elementor-element elementor-element-6549aed e-flex e-con-boxed e-con e-parent\" data-id=\"6549aed\" data-element_type=\"container\" data-e-type=\"container\" data-settings=\"{&quot;background_background&quot;:&quot;classic&quot;}\">\n\t\t\t\t\t<div class=\"e-con-inner\">\n\t\t<div class=\"elementor-element elementor-element-c3e39c6 e-con-full e-flex e-con e-child\" data-id=\"c3e39c6\" data-element_type=\"container\" data-e-type=\"container\">\n\t\t\t\t<div class=\"elementor-element elementor-element-f86c62b animated-slow elementor-invisible elementor-widget elementor-widget-heading\" data-id=\"f86c62b\" data-element_type=\"widget\" data-e-type=\"widget\" data-settings=\"{&quot;_animation&quot;:&quot;fadeIn&quot;}\" data-widget_type=\"heading.default\">\n\t\t\t\t<div class=\"elementor-widget-container\">\n\t\t\t\t\t<h1 class=\"elementor-heading-title elementor-size-default\">R\u00e9servations<\/h1>\t\t\t\t<\/div>\n\t\t\t\t<\/div>\n\t\t\t\t<\/div>\n\t\t\t\t\t<\/div>\n\t\t\t\t<\/div>\n\t\t<div class=\"elementor-element elementor-element-47d89a6 e-flex e-con-boxed e-con e-parent\" data-id=\"47d89a6\" data-element_type=\"container\" data-e-type=\"container\" data-settings=\"{&quot;background_background&quot;:&quot;classic&quot;}\">\n\t\t\t\t\t<div class=\"e-con-inner\">\n\t\t\t\t<div class=\"elementor-element elementor-element-b7626ed elementor-widget elementor-widget-heading\" data-id=\"b7626ed\" data-element_type=\"widget\" data-e-type=\"widget\" data-widget_type=\"heading.default\">\n\t\t\t\t<div class=\"elementor-widget-container\">\n\t\t\t\t\t<h2 class=\"elementor-heading-title elementor-size-default\">R\u00e9servez via ce formulaire ou en appelant<\/h2>\t\t\t\t<\/div>\n\t\t\t\t<\/div>\n\t\t\t\t\t<\/div>\n\t\t\t\t<\/div>\n\t\t<div class=\"elementor-element elementor-element-417da8f e-flex e-con-boxed e-con e-parent\" data-id=\"417da8f\" data-element_type=\"container\" data-e-type=\"container\" data-settings=\"{&quot;background_background&quot;:&quot;classic&quot;}\">\n\t\t\t\t\t<div class=\"e-con-inner\">\n\t\t\t\t<div class=\"elementor-element elementor-element-11d4296 elementor-widget elementor-widget-html\" data-id=\"11d4296\" data-element_type=\"widget\" data-e-type=\"widget\" data-widget_type=\"html.default\">\n\t\t\t\t<div class=\"elementor-widget-container\">\n\t\t\t\t\t<iframe id=\"restaurante-elmiradordetato\" title=\"Reservas\" src=\"https:\/\/reservation.dish.co\/shortlink\/339107\" width=\"100%\" height=\"800px\" frameborder=\"0\" scrolling=\"no\" style=\"overflow: scroll;\"><\/iframe>\t\t\t\t<\/div>\n\t\t\t\t<\/div>\n\t\t\t\t<div class=\"elementor-element elementor-element-8347568 elementor-align-center elementor-widget elementor-widget-button\" data-id=\"8347568\" data-element_type=\"widget\" data-e-type=\"widget\" data-widget_type=\"button.default\">\n\t\t\t\t<div class=\"elementor-widget-container\">\n\t\t\t\t\t\t\t\t\t<div class=\"elementor-button-wrapper\">\n\t\t\t\t\t<a class=\"elementor-button elementor-button-link elementor-size-sm elementor-animation-shrink\" href=\"https:\/\/reservation.dish.co\/shortlink\/339107\" target=\"_blank\">\n\t\t\t\t\t\t<span class=\"elementor-button-content-wrapper\">\n\t\t\t\t\t\t\t\t\t<span class=\"elementor-button-text\">Si le formulaire de r\u00e9servation est erron\u00e9, cliquez ici<\/span>\n\t\t\t\t\t<\/span>\n\t\t\t\t\t<\/a>\n\t\t\t\t<\/div>\n\t\t\t\t\t\t\t\t<\/div>\n\t\t\t\t<\/div>\n\t\t\t\t<div class=\"elementor-element elementor-element-fb30a0b elementor-widget elementor-widget-text-editor\" data-id=\"fb30a0b\" data-element_type=\"widget\" data-e-type=\"widget\" data-widget_type=\"text-editor.default\">\n\t\t\t\t<div class=\"elementor-widget-container\">\n\t\t\t\t\t\t\t\t\t<p style=\"text-align: justify;\"><a href=\"https:\/\/elmiradordetato.com\/eventos-en-granada\/\">R\u00e9servations pour groupes et organisation d&#8217;\u00e9v\u00e9nements,<\/a> nous vous assisterons personnellement. Envoyez-nous un e-mail avec les dates, le nombre de personnes et les coordonn\u00e9es ou appelez-nous au num\u00e9ro de t\u00e9l\u00e9phone des \u00e9v\u00e9nements.<\/p>\t\t\t\t\t\t\t\t<\/div>\n\t\t\t\t<\/div>\n\t\t\t\t\t<\/div>\n\t\t\t\t<\/div>\n\t\t<div class=\"elementor-element elementor-element-cdf19bd e-flex e-con-boxed e-con e-parent\" data-id=\"cdf19bd\" data-element_type=\"container\" data-e-type=\"container\">\n\t\t\t\t\t<div class=\"e-con-inner\">\n\t\t\t\t<div class=\"elementor-element elementor-element-1c66682 elementor-align-center elementor-widget elementor-widget-button\" data-id=\"1c66682\" data-element_type=\"widget\" data-e-type=\"widget\" data-widget_type=\"button.default\">\n\t\t\t\t<div class=\"elementor-widget-container\">\n\t\t\t\t\t\t\t\t\t<div class=\"elementor-button-wrapper\">\n\t\t\t\t\t<a class=\"elementor-button elementor-button-link elementor-size-sm elementor-animation-shrink\" href=\"mailto:eventos@elmiradordetato.com\" target=\"_blank\">\n\t\t\t\t\t\t<span class=\"elementor-button-content-wrapper\">\n\t\t\t\t\t\t\t\t\t<span class=\"elementor-button-text\">CONSULTER<\/span>\n\t\t\t\t\t<\/span>\n\t\t\t\t\t<\/a>\n\t\t\t\t<\/div>\n\t\t\t\t\t\t\t\t<\/div>\n\t\t\t\t<\/div>\n\t\t\t\t<div class=\"elementor-element elementor-element-fe7b445 elementor-align-center elementor-widget elementor-widget-button\" data-id=\"fe7b445\" data-element_type=\"widget\" data-e-type=\"widget\" data-widget_type=\"button.default\">\n\t\t\t\t<div class=\"elementor-widget-container\">\n\t\t\t\t\t\t\t\t\t<div class=\"elementor-button-wrapper\">\n\t\t\t\t\t<a class=\"elementor-button elementor-button-link elementor-size-sm elementor-animation-shrink\" href=\"tel:%20+34%20623%2032%2072%2085\" target=\"_blank\" download=\"\">\n\t\t\t\t\t\t<span class=\"elementor-button-content-wrapper\">\n\t\t\t\t\t\t\t\t\t<span class=\"elementor-button-text\">APPEL<\/span>\n\t\t\t\t\t<\/span>\n\t\t\t\t\t<\/a>\n\t\t\t\t<\/div>\n\t\t\t\t\t\t\t\t<\/div>\n\t\t\t\t<\/div>\n\t\t\t\t\t<\/div>\n\t\t\t\t<\/div>\n\t\t\t\t<\/div>\n\t\t","protected":false},"excerpt":{"rendered":"<p>R\u00e9servations R\u00e9servez via ce formulaire ou en appelant Si le formulaire de r\u00e9servation est erron\u00e9, cliquez ici R\u00e9servations pour groupes et organisation d&#8217;\u00e9v\u00e9nements, nous vous assisterons personnellement. Envoyez-nous un e-mail avec les dates, le nombre de personnes et les coordonn\u00e9es ou appelez-nous au num\u00e9ro de t\u00e9l\u00e9phone des \u00e9v\u00e9nements. CONSULTER APPEL<\/p>\n","protected":false},"author":1,"featured_media":0,"parent":0,"menu_order":0,"comment_status":"closed","ping_status":"closed","template":"elementor_header_footer","meta":{"footnotes":""},"class_list":["post-484","page","type-page","status-publish","hentry"],"yoast_head":"<!-- This site is optimized with the Yoast SEO plugin v27.3 - https:\/\/yoast.com\/product\/yoast-seo-wordpress\/ -->\n<title>R\u00e9servations au Mirador de Tato - Restaurant-Terrasse dans le bas Albaic\u00edn<\/title>\n<meta name=\"description\" content=\"Faites votre r\u00e9servation aujourd&#039;hui au Mirador de Tato, appelez-nous au 623 32 72 85. Ouvert tous les jours de 13h00 \u00e0 18h00.\" \/>\n<meta name=\"robots\" content=\"index, follow, max-snippet:-1, max-image-preview:large, max-video-preview:-1\" \/>\n<link rel=\"canonical\" href=\"https:\/\/elmiradordetato.com\/fr\/reservations-au-mirador-de-tato\/\" \/>\n<meta property=\"og:locale\" content=\"es_ES\" \/>\n<meta property=\"og:type\" content=\"article\" \/>\n<meta property=\"og:title\" content=\"R\u00e9servations au Mirador de Tato - Restaurant-Terrasse dans le bas Albaic\u00edn\" \/>\n<meta property=\"og:description\" content=\"Faites votre r\u00e9servation aujourd&#039;hui au Mirador de Tato, appelez-nous au 623 32 72 85. Ouvert tous les jours de 13h00 \u00e0 18h00.\" \/>\n<meta property=\"og:url\" content=\"https:\/\/elmiradordetato.com\/fr\/reservations-au-mirador-de-tato\/\" \/>\n<meta property=\"og:site_name\" content=\"Restaurant-Terrasse dans le bas Albaic\u00edn\" \/>\n<meta property=\"article:modified_time\" content=\"2025-10-27T15:01:54+00:00\" \/>\n<meta name=\"twitter:card\" content=\"summary_large_image\" \/>\n<meta name=\"twitter:label1\" content=\"Tiempo de lectura\" \/>\n\t<meta name=\"twitter:data1\" content=\"1 minuto\" \/>\n<script type=\"application\/ld+json\" class=\"yoast-schema-graph\">{\"@context\":\"https:\\\/\\\/schema.org\",\"@graph\":[{\"@type\":\"WebPage\",\"@id\":\"https:\\\/\\\/elmiradordetato.com\\\/fr\\\/reservations-au-mirador-de-tato\\\/\",\"url\":\"https:\\\/\\\/elmiradordetato.com\\\/fr\\\/reservations-au-mirador-de-tato\\\/\",\"name\":\"R\u00e9servations au Mirador de Tato - Restaurant-Terrasse dans le bas Albaic\u00edn\",\"isPartOf\":{\"@id\":\"https:\\\/\\\/elmiradordetato.com\\\/fr\\\/#website\"},\"datePublished\":\"2022-12-15T14:48:44+00:00\",\"dateModified\":\"2025-10-27T15:01:54+00:00\",\"description\":\"Faites votre r\u00e9servation aujourd'hui au Mirador de Tato, appelez-nous au 623 32 72 85. Ouvert tous les jours de 13h00 \u00e0 18h00.\",\"breadcrumb\":{\"@id\":\"https:\\\/\\\/elmiradordetato.com\\\/fr\\\/reservations-au-mirador-de-tato\\\/#breadcrumb\"},\"inLanguage\":\"es\",\"potentialAction\":[{\"@type\":\"ReadAction\",\"target\":[\"https:\\\/\\\/elmiradordetato.com\\\/fr\\\/reservations-au-mirador-de-tato\\\/\"]}]},{\"@type\":\"BreadcrumbList\",\"@id\":\"https:\\\/\\\/elmiradordetato.com\\\/fr\\\/reservations-au-mirador-de-tato\\\/#breadcrumb\",\"itemListElement\":[{\"@type\":\"ListItem\",\"position\":1,\"name\":\"Portada\",\"item\":\"https:\\\/\\\/elmiradordetato.com\\\/fr\\\/\"},{\"@type\":\"ListItem\",\"position\":2,\"name\":\"R\u00e9servations au Mirador de Tato\"}]},{\"@type\":\"WebSite\",\"@id\":\"https:\\\/\\\/elmiradordetato.com\\\/fr\\\/#website\",\"url\":\"https:\\\/\\\/elmiradordetato.com\\\/fr\\\/\",\"name\":\"Restaurant-Terrasse dans le bas Albaic\u00edn\",\"description\":\"El Mirador de Tato\",\"publisher\":{\"@id\":\"https:\\\/\\\/elmiradordetato.com\\\/fr\\\/#organization\"},\"potentialAction\":[{\"@type\":\"SearchAction\",\"target\":{\"@type\":\"EntryPoint\",\"urlTemplate\":\"https:\\\/\\\/elmiradordetato.com\\\/fr\\\/?s={search_term_string}\"},\"query-input\":{\"@type\":\"PropertyValueSpecification\",\"valueRequired\":true,\"valueName\":\"search_term_string\"}}],\"inLanguage\":\"es\"},{\"@type\":\"Organization\",\"@id\":\"https:\\\/\\\/elmiradordetato.com\\\/fr\\\/#organization\",\"name\":\"Restaurant-Terrasse dans le bas Albaic\u00edn\",\"url\":\"https:\\\/\\\/elmiradordetato.com\\\/fr\\\/\",\"logo\":{\"@type\":\"ImageObject\",\"inLanguage\":\"es\",\"@id\":\"https:\\\/\\\/elmiradordetato.com\\\/fr\\\/#\\\/schema\\\/logo\\\/image\\\/\",\"url\":\"https:\\\/\\\/elmiradordetato.com\\\/fr\\\/wp-content\\\/uploads\\\/sites\\\/3\\\/Logo-el-Mirador-de-Tato.webp\",\"contentUrl\":\"https:\\\/\\\/elmiradordetato.com\\\/fr\\\/wp-content\\\/uploads\\\/sites\\\/3\\\/Logo-el-Mirador-de-Tato.webp\",\"width\":350,\"height\":99,\"caption\":\"Restaurant-Terrasse dans le bas Albaic\u00edn\"},\"image\":{\"@id\":\"https:\\\/\\\/elmiradordetato.com\\\/fr\\\/#\\\/schema\\\/logo\\\/image\\\/\"}}]}<\/script>\n<!-- \/ Yoast SEO plugin. -->","yoast_head_json":{"title":"R\u00e9servations au Mirador de Tato - Restaurant-Terrasse dans le bas Albaic\u00edn","description":"Faites votre r\u00e9servation aujourd'hui au Mirador de Tato, appelez-nous au 623 32 72 85. Ouvert tous les jours de 13h00 \u00e0 18h00.","robots":{"index":"index","follow":"follow","max-snippet":"max-snippet:-1","max-image-preview":"max-image-preview:large","max-video-preview":"max-video-preview:-1"},"canonical":"https:\/\/elmiradordetato.com\/fr\/reservations-au-mirador-de-tato\/","og_locale":"es_ES","og_type":"article","og_title":"R\u00e9servations au Mirador de Tato - Restaurant-Terrasse dans le bas Albaic\u00edn","og_description":"Faites votre r\u00e9servation aujourd'hui au Mirador de Tato, appelez-nous au 623 32 72 85. Ouvert tous les jours de 13h00 \u00e0 18h00.","og_url":"https:\/\/elmiradordetato.com\/fr\/reservations-au-mirador-de-tato\/","og_site_name":"Restaurant-Terrasse dans le bas Albaic\u00edn","article_modified_time":"2025-10-27T15:01:54+00:00","twitter_card":"summary_large_image","twitter_misc":{"Tiempo de lectura":"1 minuto"},"schema":{"@context":"https:\/\/schema.org","@graph":[{"@type":"WebPage","@id":"https:\/\/elmiradordetato.com\/fr\/reservations-au-mirador-de-tato\/","url":"https:\/\/elmiradordetato.com\/fr\/reservations-au-mirador-de-tato\/","name":"R\u00e9servations au Mirador de Tato - Restaurant-Terrasse dans le bas Albaic\u00edn","isPartOf":{"@id":"https:\/\/elmiradordetato.com\/fr\/#website"},"datePublished":"2022-12-15T14:48:44+00:00","dateModified":"2025-10-27T15:01:54+00:00","description":"Faites votre r\u00e9servation aujourd'hui au Mirador de Tato, appelez-nous au 623 32 72 85. Ouvert tous les jours de 13h00 \u00e0 18h00.","breadcrumb":{"@id":"https:\/\/elmiradordetato.com\/fr\/reservations-au-mirador-de-tato\/#breadcrumb"},"inLanguage":"es","potentialAction":[{"@type":"ReadAction","target":["https:\/\/elmiradordetato.com\/fr\/reservations-au-mirador-de-tato\/"]}]},{"@type":"BreadcrumbList","@id":"https:\/\/elmiradordetato.com\/fr\/reservations-au-mirador-de-tato\/#breadcrumb","itemListElement":[{"@type":"ListItem","position":1,"name":"Portada","item":"https:\/\/elmiradordetato.com\/fr\/"},{"@type":"ListItem","position":2,"name":"R\u00e9servations au Mirador de Tato"}]},{"@type":"WebSite","@id":"https:\/\/elmiradordetato.com\/fr\/#website","url":"https:\/\/elmiradordetato.com\/fr\/","name":"Restaurant-Terrasse dans le bas Albaic\u00edn","description":"El Mirador de Tato","publisher":{"@id":"https:\/\/elmiradordetato.com\/fr\/#organization"},"potentialAction":[{"@type":"SearchAction","target":{"@type":"EntryPoint","urlTemplate":"https:\/\/elmiradordetato.com\/fr\/?s={search_term_string}"},"query-input":{"@type":"PropertyValueSpecification","valueRequired":true,"valueName":"search_term_string"}}],"inLanguage":"es"},{"@type":"Organization","@id":"https:\/\/elmiradordetato.com\/fr\/#organization","name":"Restaurant-Terrasse dans le bas Albaic\u00edn","url":"https:\/\/elmiradordetato.com\/fr\/","logo":{"@type":"ImageObject","inLanguage":"es","@id":"https:\/\/elmiradordetato.com\/fr\/#\/schema\/logo\/image\/","url":"https:\/\/elmiradordetato.com\/fr\/wp-content\/uploads\/sites\/3\/Logo-el-Mirador-de-Tato.webp","contentUrl":"https:\/\/elmiradordetato.com\/fr\/wp-content\/uploads\/sites\/3\/Logo-el-Mirador-de-Tato.webp","width":350,"height":99,"caption":"Restaurant-Terrasse dans le bas Albaic\u00edn"},"image":{"@id":"https:\/\/elmiradordetato.com\/fr\/#\/schema\/logo\/image\/"}}]}},"_links":{"self":[{"href":"https:\/\/elmiradordetato.com\/fr\/wp-json\/wp\/v2\/pages\/484","targetHints":{"allow":["GET"]}}],"collection":[{"href":"https:\/\/elmiradordetato.com\/fr\/wp-json\/wp\/v2\/pages"}],"about":[{"href":"https:\/\/elmiradordetato.com\/fr\/wp-json\/wp\/v2\/types\/page"}],"author":[{"embeddable":true,"href":"https:\/\/elmiradordetato.com\/fr\/wp-json\/wp\/v2\/users\/1"}],"replies":[{"embeddable":true,"href":"https:\/\/elmiradordetato.com\/fr\/wp-json\/wp\/v2\/comments?post=484"}],"version-history":[{"count":149,"href":"https:\/\/elmiradordetato.com\/fr\/wp-json\/wp\/v2\/pages\/484\/revisions"}],"predecessor-version":[{"id":2209,"href":"https:\/\/elmiradordetato.com\/fr\/wp-json\/wp\/v2\/pages\/484\/revisions\/2209"}],"wp:attachment":[{"href":"https:\/\/elmiradordetato.com\/fr\/wp-json\/wp\/v2\/media?parent=484"}],"curies":[{"name":"wp","href":"https:\/\/api.w.org\/{rel}","templated":true}]}}